{"id":3424,"date":"2020-06-06T12:59:48","date_gmt":"2020-06-06T12:59:48","guid":{"rendered":"https:\/\/johanns-hotel.de\/imprint\/"},"modified":"2020-10-26T08:50:16","modified_gmt":"2020-10-26T08:50:16","slug":"imprint","status":"publish","type":"page","link":"https:\/\/johanns-hotel.de\/en\/imprint\/","title":{"rendered":"Imprint"},"content":{"rendered":"<h1 class=\"wp-block-heading\">Imprint<\/h1>\n\n\n\n<p><strong>Hotel Johanns GmbH<\/strong><\/p>\n\n\n\n<p>Christoph-Sturm-Stra\u00dfe 25-29<br>91161<strong> <\/strong>Hilpoltstein<\/p>\n\n\n\n<p>Rechtsform: GmbH<br>Gesch\u00e4ftsf\u00fchrerin: Marika Fritsch<br>Sitz: Hilpoltstein<br>Gerichtsstand: Amtsgericht N\u00fcrnberg<br>Handelsregister: HRB 36929<br>USt-ID: DE326 558 404<\/p>\n\n\n\n<p>Tel.: +49 (0)9174 &#8211; 97636 -0<br>Fax: +49 (0)9174 &#8211; 97636 -26<\/p>\n\n\n\n<p>Mail:&nbsp;<a href=\"mailto:info@johanns-hotel.de\">info@johanns-hotel.de<\/a><br><a rel=\"noreferrer noopener\" href=\"http:\/\/www.johanns-hotel.de\/\" target=\"_blank\">www.johanns-hotel.de<\/a><\/p>\n\n\n\n<div class=\"wp-block-group alignfull newsletterformular\"><div class=\"wp-block-group__inner-container is-layout-flow\">\n<div class=\"wp-block-image\"><figure class=\"aligncenter size-large is-resized\"><img decoding=\"async\" loading=\"lazy\" src=\"https:\/\/johanns-hotel.de\/wp-content\/uploads\/2020\/05\/johanns_logo_stempel_newsletter.png\" alt=\"\" class=\"wp-image-4274\" width=\"116\" height=\"116\" srcset=\"https:\/\/johanns-hotel.de\/wp-content\/uploads\/2020\/05\/johanns_logo_stempel_newsletter.png 720w, https:\/\/johanns-hotel.de\/wp-content\/uploads\/2020\/05\/johanns_logo_stempel_newsletter-300x300.png 300w, https:\/\/johanns-hotel.de\/wp-content\/uploads\/2020\/05\/johanns_logo_stempel_newsletter-150x150.png 150w, https:\/\/johanns-hotel.de\/wp-content\/uploads\/2020\/05\/johanns_logo_stempel_newsletter-600x600.png 600w\" sizes=\"(max-width: 116px) 100vw, 116px\" \/><\/figure><\/div>\n\n\n\n<h2 class=\"wp-block-heading\">Mail from the Johanns<\/h2>\n\n\n\n<h3 class=\"wp-block-heading\">The latest news and specials from and about the hotel by e-mail<\/h3>\n\n\n\n<p>Register and profit now!<\/p>\n\n\n\n<div class=\"wp-block-group alignwide\"><div class=\"wp-block-group__inner-container is-layout-flow\">\n<div class=\"wpcf7 no-js\" id=\"wpcf7-f3658-o1\" lang=\"en-US\" dir=\"ltr\">\n<div class=\"screen-reader-response\"><p role=\"status\" aria-live=\"polite\" aria-atomic=\"true\"><\/p> <ul><\/ul><\/div>\n<form action=\"\/en\/wp-json\/wp\/v2\/pages\/3424#wpcf7-f3658-o1\" method=\"post\" class=\"wpcf7-form init\" aria-label=\"Contact form\" novalidate=\"novalidate\" data-status=\"init\">\n<div style=\"display: none;\">\n<input type=\"hidden\" name=\"_wpcf7\" value=\"3658\" \/>\n<input type=\"hidden\" name=\"_wpcf7_version\" value=\"5.7.7\" \/>\n<input type=\"hidden\" name=\"_wpcf7_locale\" value=\"en_US\" \/>\n<input type=\"hidden\" name=\"_wpcf7_unit_tag\" value=\"wpcf7-f3658-o1\" \/>\n<input type=\"hidden\" name=\"_wpcf7_container_post\" value=\"0\" \/>\n<input type=\"hidden\" name=\"_wpcf7_posted_data_hash\" value=\"\" \/>\n<\/div>\n<p><span id=\"wpcf7-69e749fe10ee2-wrapper\" class=\"wpcf7-form-control-wrap website-wrap\" style=\"display:none !important; visibility:hidden !important;\"><label for=\"wpcf7-69e749fe10ee2-field\" class=\"hp-message\">Please leave this field empty.<\/label><input id=\"wpcf7-69e749fe10ee2-field\"  class=\"wpcf7-form-control wpcf7-text\" type=\"text\" name=\"website\" value=\"\" size=\"40\" tabindex=\"-1\" autocomplete=\"new-password\" \/><\/span>\n<\/p>\n<div class=\"newsletteranmeldung\">\n\t<p><label>Your name <span class=\"wpcf7-form-control-wrap\" data-name=\"your-name\"><input size=\"40\" class=\"wpcf7-form-control wpcf7-text wpcf7-validates-as-required\" aria-required=\"true\" aria-invalid=\"false\" placeholder=\"Max Mustermann\" value=\"\" type=\"text\" name=\"your-name\" \/><\/span><\/label><br \/>\n<label>Email address <span class=\"wpcf7-form-control-wrap\" data-name=\"your-email\"><input size=\"40\" class=\"wpcf7-form-control wpcf7-text wpcf7-email wpcf7-validates-as-required wpcf7-validates-as-email\" aria-required=\"true\" aria-invalid=\"false\" placeholder=\"max@mustermann.de\" value=\"\" type=\"email\" name=\"your-email\" \/><\/span><\/label><br \/>\n<span class=\"wpcf7-form-control-wrap\" data-name=\"datenschutzerklaerung\"><span class=\"wpcf7-form-control wpcf7-acceptance optional\"><span class=\"wpcf7-list-item\"><label><input type=\"checkbox\" name=\"datenschutzerklaerung\" value=\"1\" aria-invalid=\"false\" \/><span class=\"wpcf7-list-item-label\">I accept the <a href=\"\/datenschutzerklaerung\/\"> privacy policy <\/a>.<\/span><\/label><\/span><\/span><\/span>\n\t<\/p>\n\t<p><input class=\"wpcf7-form-control has-spinner wpcf7-submit\" type=\"submit\" value=\"Subscribe to our Newsletter\" \/>\n\t<\/p>\n<\/div><div class=\"wpcf7-response-output\" aria-hidden=\"true\"><\/div>\n<\/form>\n<\/div>\n\n<\/div><\/div>\n<\/div><\/div>","protected":false},"excerpt":{"rendered":"<p>Imprint Hotel Johanns GmbH Christoph-Sturm-Stra\u00dfe 25-2991161 Hilpoltstein Rechtsform: GmbHGesch\u00e4ftsf\u00fchrerin: Marika FritschSitz: HilpoltsteinGerichtsstand: Amtsgericht N\u00fcrnbergHandelsregister: HRB 36929USt-ID: DE326 558 404 Tel.: +49 (0)9174 &#8211; 97636 -0Fax: +49 (0)9174 &#8211; 97636 -26 Mail:&nbsp;info@johanns-hotel.dewww.johanns-hotel.de<\/p>\n","protected":false},"author":1,"featured_media":0,"parent":0,"menu_order":0,"comment_status":"closed","ping_status":"closed","template":"","meta":{"advgb_blocks_editor_width":"","advgb_blocks_columns_visual_guide":""},"coauthors":[],"author_meta":{"author_link":"https:\/\/johanns-hotel.de\/en\/author\/johannadmin\/","display_name":"Johannadmin"},"relative_dates":{"created":"Posted 6 years ago","modified":"Updated 5 years ago"},"absolute_dates":{"created":"Posted on June 6, 2020","modified":"Updated on October 26, 2020"},"absolute_dates_time":{"created":"Posted on June 6, 2020 12:59 pm","modified":"Updated on October 26, 2020 8:50 am"},"featured_img_caption":"","featured_img":false,"series_order":"","featured_image_src":null,"featured_image_src_square":null,"_links":{"self":[{"href":"https:\/\/johanns-hotel.de\/en\/wp-json\/wp\/v2\/pages\/3424"}],"collection":[{"href":"https:\/\/johanns-hotel.de\/en\/wp-json\/wp\/v2\/pages"}],"about":[{"href":"https:\/\/johanns-hotel.de\/en\/wp-json\/wp\/v2\/types\/page"}],"author":[{"embeddable":true,"href":"https:\/\/johanns-hotel.de\/en\/wp-json\/wp\/v2\/users\/1"}],"replies":[{"embeddable":true,"href":"https:\/\/johanns-hotel.de\/en\/wp-json\/wp\/v2\/comments?post=3424"}],"version-history":[{"count":2,"href":"https:\/\/johanns-hotel.de\/en\/wp-json\/wp\/v2\/pages\/3424\/revisions"}],"predecessor-version":[{"id":4657,"href":"https:\/\/johanns-hotel.de\/en\/wp-json\/wp\/v2\/pages\/3424\/revisions\/4657"}],"wp:attachment":[{"href":"https:\/\/johanns-hotel.de\/en\/wp-json\/wp\/v2\/media?parent=3424"}],"curies":[{"name":"wp","href":"https:\/\/api.w.org\/{rel}","templated":true}]}}